{"id":3,"date":"2025-04-24T11:14:15","date_gmt":"2025-04-24T14:14:15","guid":{"rendered":"https:\/\/gamersonline.com.ar\/?page_id=3"},"modified":"2026-02-06T10:24:37","modified_gmt":"2026-02-06T13:24:37","slug":"politica-privacidad","status":"publish","type":"page","link":"https:\/\/gamersonline.com.ar\/index.php\/politica-privacidad\/","title":{"rendered":"Pol\u00edtica de privacidad"},"content":{"rendered":"\t\t<div data-elementor-type=\"wp-page\" data-elementor-id=\"3\" class=\"elementor elementor-3\" data-elementor-post-type=\"page\">\n\t\t\t\t<div class=\"elementor-element elementor-element-6e2ca5a7 e-flex e-con-boxed e-con e-parent\" data-id=\"6e2ca5a7\" data-element_type=\"container\" data-e-type=\"container\">\n\t\t\t\t\t<div class=\"e-con-inner\">\n\t\t\t\t<div class=\"elementor-element elementor-element-c897867 elementor-widget elementor-widget-heading\" data-id=\"c897867\" data-element_type=\"widget\" data-e-type=\"widget\" data-widget_type=\"heading.default\">\n\t\t\t\t<div class=\"elementor-widget-container\">\n\t\t\t\t\t<h1 class=\"elementor-heading-title elementor-size-default\">Politicas de privacidad<\/h1>\t\t\t\t<\/div>\n\t\t\t\t<\/div>\n\t\t\t\t<div class=\"elementor-element elementor-element-3b961ca elementor-widget elementor-widget-heading\" data-id=\"3b961ca\" data-element_type=\"widget\" data-e-type=\"widget\" data-widget_type=\"heading.default\">\n\t\t\t\t<div class=\"elementor-widget-container\">\n\t\t\t\t\t<h2 class=\"elementor-heading-title elementor-size-default\">Propiedad Intelectual<\/h2>\t\t\t\t<\/div>\n\t\t\t\t<\/div>\n\t\t\t\t<div class=\"elementor-element elementor-element-237d15b elementor-widget elementor-widget-text-editor\" data-id=\"237d15b\" data-element_type=\"widget\" data-e-type=\"widget\" data-widget_type=\"text-editor.default\">\n\t\t\t\t<div class=\"elementor-widget-container\">\n\t\t\t\t\t\t\t\t\t<p>Gamers Online, el sitio web, www.Gamers Online.com.ar , sus logotipos y todo el material que aparece en dicho sitio tales como marcas, nombres de dominio, avisos comerciales y nombres comerciales son propiedad de sus respectivos titulares y est\u00e1n protegidos por los tratados internacionales y las leyes aplicables en materia de propiedad intelectual como la ley 11.723. Los derechos de autor sobre el contenido, organizaci\u00f3n, recopilaci\u00f3n, compilaci\u00f3n, informaci\u00f3n, logotipos, fotograf\u00edas, im\u00e1genes, programas, aplicaciones, y en general cualquier informaci\u00f3n contenida o publicada en el sitio web www.Gamers Online.com.ar\u00a0 se encuentran debidamente protegidos a favor de sus respectivos propietarios y correctamente licenciados, de conformidad con la legislaci\u00f3n aplicable en materia de propiedad intelectual e industrial. Se proh\u00edbe expresamente al usuario modificar, alterar o suprimir, ya sea en forma total o parcial, los avisos, marcas, nombres comerciales, se\u00f1as, anuncios, logotipos o en general cualquier indicaci\u00f3n que se refiera a la propiedad de la informaci\u00f3n contenida en el sitio<\/p>\t\t\t\t\t\t\t\t<\/div>\n\t\t\t\t<\/div>\n\t\t\t\t<div class=\"elementor-element elementor-element-b6dd183 elementor-widget elementor-widget-heading\" data-id=\"b6dd183\" data-element_type=\"widget\" data-e-type=\"widget\" data-widget_type=\"heading.default\">\n\t\t\t\t<div class=\"elementor-widget-container\">\n\t\t\t\t\t<h2 class=\"elementor-heading-title elementor-size-default\">Modificaciones a los T\u00e9rminos y Condiciones\n<\/h2>\t\t\t\t<\/div>\n\t\t\t\t<\/div>\n\t\t\t\t<div class=\"elementor-element elementor-element-a17ebe3 elementor-widget elementor-widget-text-editor\" data-id=\"a17ebe3\" data-element_type=\"widget\" data-e-type=\"widget\" data-widget_type=\"text-editor.default\">\n\t\t\t\t<div class=\"elementor-widget-container\">\n\t\t\t\t\t\t\t\t\t<p>El Sitio se reserva expresamente los siguientes derechos: (i) A modificar o eliminar, en forma unilateral, parcial o totalmente, tanto la disposiciones de los elementos que componen el Sitio, como su configuraci\u00f3n general o particular, los servicios o contenidos o sus condiciones de acceso y utilizaci\u00f3n; (ii) A denegar o retirar el acceso a este Sitio, sus servicios y contenidos, en cualquier momento y sin aviso previo, a aquellos visitantes que incumplan los T\u00e9rminos y Condiciones, (iii) A poner t\u00e9rmino, suspender o interrumpir unilateralmente, en cualquier momento y sin aviso previo, la prestaci\u00f3n del servicio del Sitio, (iv) A modificar los t\u00e9rminos de los T\u00e9rminos y Condiciones en cualquier momento.<\/p>\t\t\t\t\t\t\t\t<\/div>\n\t\t\t\t<\/div>\n\t\t\t\t<div class=\"elementor-element elementor-element-51ce2d6 elementor-widget elementor-widget-heading\" data-id=\"51ce2d6\" data-element_type=\"widget\" data-e-type=\"widget\" data-widget_type=\"heading.default\">\n\t\t\t\t<div class=\"elementor-widget-container\">\n\t\t\t\t\t<h2 class=\"elementor-heading-title elementor-size-default\">Prohibiciones al Usuario y sus responsabilidades\n<\/h2>\t\t\t\t<\/div>\n\t\t\t\t<\/div>\n\t\t\t\t<div class=\"elementor-element elementor-element-7edeba8 elementor-widget elementor-widget-text-editor\" data-id=\"7edeba8\" data-element_type=\"widget\" data-e-type=\"widget\" data-widget_type=\"text-editor.default\">\n\t\t\t\t<div class=\"elementor-widget-container\">\n\t\t\t\t\t\t\t\t\t<p>Est\u00e1 terminantemente prohibido al Usuario explotar comercialmente y de cualquier forma las informaciones adquiridas por medio del Sitio. No podr\u00e1 reproducir los textos o im\u00e1genes para otros fines que los exclusivos del objeto de compra. En tal sentido, est\u00e1 prohibido a los Usuarios violar, vulnerar y\/o de cualquier forma afectar el normal uso, funcionamiento y seguridad del Sitio.<\/p>\t\t\t\t\t\t\t\t<\/div>\n\t\t\t\t<\/div>\n\t\t\t\t<div class=\"elementor-element elementor-element-18fcc57 elementor-widget elementor-widget-heading\" data-id=\"18fcc57\" data-element_type=\"widget\" data-e-type=\"widget\" data-widget_type=\"heading.default\">\n\t\t\t\t<div class=\"elementor-widget-container\">\n\t\t\t\t\t<h2 class=\"elementor-heading-title elementor-size-default\">Terminaci\u00f3n\n<\/h2>\t\t\t\t<\/div>\n\t\t\t\t<\/div>\n\t\t\t\t<div class=\"elementor-element elementor-element-45e9c0d elementor-widget elementor-widget-text-editor\" data-id=\"45e9c0d\" data-element_type=\"widget\" data-e-type=\"widget\" data-widget_type=\"text-editor.default\">\n\t\t\t\t<div class=\"elementor-widget-container\">\n\t\t\t\t\t\t\t\t\t<p>Gamers Online se reserva el derecho, a su exclusiva discreci\u00f3n, y sin necesidad de aviso o notificaci\u00f3n al usuario, para a) Terminar definitivamente el presente contrato y b) Descontinuar o dejar de publicar definitivamente el sitio web sin responsabilidad alguna para Gamers Online, sus afiliados o proveedores.<\/p>\t\t\t\t\t\t\t\t<\/div>\n\t\t\t\t<\/div>\n\t\t\t\t<div class=\"elementor-element elementor-element-1999311 elementor-widget elementor-widget-heading\" data-id=\"1999311\" data-element_type=\"widget\" data-e-type=\"widget\" data-widget_type=\"heading.default\">\n\t\t\t\t<div class=\"elementor-widget-container\">\n\t\t\t\t\t<h2 class=\"elementor-heading-title elementor-size-default\">Ley aplicable, jurisdicci\u00f3n y competencia<\/h2>\t\t\t\t<\/div>\n\t\t\t\t<\/div>\n\t\t\t\t<div class=\"elementor-element elementor-element-8b7be1b elementor-widget elementor-widget-text-editor\" data-id=\"8b7be1b\" data-element_type=\"widget\" data-e-type=\"widget\" data-widget_type=\"text-editor.default\">\n\t\t\t\t<div class=\"elementor-widget-container\">\n\t\t\t\t\t\t\t\t\t<p>Los T\u00e9rminos y Condiciones ser\u00e1n interpretados y ejecutados de acuerdo a las leyes de la Rep\u00fablica de Argentina. El Usuario se somete incondicionalmente a la jurisdicci\u00f3n de los Tribunales Federales de la Ciudad Aut\u00f3noma de Buenos Aires para la resoluci\u00f3n de cualquier duda, dificultad o controversia relacionada con todo o parte de los T\u00e9rminos y Condiciones.<\/p>\t\t\t\t\t\t\t\t<\/div>\n\t\t\t\t<\/div>\n\t\t\t\t<div class=\"elementor-element elementor-element-58f0e61 elementor-widget elementor-widget-heading\" data-id=\"58f0e61\" data-element_type=\"widget\" data-e-type=\"widget\" data-widget_type=\"heading.default\">\n\t\t\t\t<div class=\"elementor-widget-container\">\n\t\t\t\t\t<h2 class=\"elementor-heading-title elementor-size-default\">Domicilios y notificaciones\n<\/h2>\t\t\t\t<\/div>\n\t\t\t\t<\/div>\n\t\t\t\t<div class=\"elementor-element elementor-element-8e820f9 elementor-widget elementor-widget-text-editor\" data-id=\"8e820f9\" data-element_type=\"widget\" data-e-type=\"widget\" data-widget_type=\"text-editor.default\">\n\t\t\t\t<div class=\"elementor-widget-container\">\n\t\t\t\t\t\t\t\t\t<div id=\"bodyWrapper\">\n<section class=\"section-info-page\">\n<div id=\"page-info-content\" class=\"container\">\n<div class=\"row\">\n<div class=\"col-sm-17 col-content\">\n<div>\n<div id=\"terms-conditions\" class=\"terms-conditions\">\n<div class=\"content content-text\">\n<p>Todas las notificaciones vinculadas con los presentes T\u00e9rminos y Condiciones se considerar\u00e1n recibidas y conocidas por los usuarios con la mera publicaci\u00f3n de las mismas en el sitio. Las notificaciones que los usuarios pretendan cursar al sitio deber\u00e1n ser remitidas a Gamers Online con domicilio en la calle Av. Entre Rios 1055 of 5 &#8211; Ciudad Autonoma de Buenos Aires &#8211; Argentina.<\/p>\n<\/div>\n<\/div>\n<\/div>\n<\/div>\n<\/div>\n<\/div>\n<\/section>\n<div>\u00a0<\/div>\n<\/div>\n<div class=\"container hidden-xs\">\n<div class=\"partners-list\">\u00a0<\/div>\n<\/div>\t\t\t\t\t\t\t\t<\/div>\n\t\t\t\t<\/div>\n\t\t\t\t\t<\/div>\n\t\t\t\t<\/div>\n\t\t\t\t<\/div>\n\t\t","protected":false},"excerpt":{"rendered":"<p>Politicas de privacidad Propiedad Intelectual Gamers Online, el sitio web, www.Gamers Online.com.ar , sus logotipos y todo el material que aparece en dicho sitio tales como marcas, nombres de dominio, avisos comerciales y nombres comerciales son propiedad de sus respectivos titulares y est\u00e1n protegidos por los tratados internacionales y las leyes aplicables en materia de [&hellip;]<\/p>\n","protected":false},"author":1,"featured_media":0,"parent":0,"menu_order":0,"comment_status":"closed","ping_status":"open","template":"","meta":{"footnotes":""},"class_list":["post-3","page","type-page","status-publish","hentry"],"yoast_head":"<!-- This site is optimized with the Yoast SEO Premium plugin v26.7 (Yoast SEO v27.1.1) - https:\/\/yoast.com\/product\/yoast-seo-premium-wordpress\/ -->\n<title>Pol\u00edtica de privacidad - Gamers Online<\/title>\n<meta name=\"robots\" content=\"index, follow, max-snippet:-1, max-image-preview:large, max-video-preview:-1\" \/>\n<link rel=\"canonical\" href=\"https:\/\/gamersonline.com.ar\/index.php\/politica-privacidad\/\" \/>\n<meta property=\"og:locale\" content=\"es_ES\" \/>\n<meta property=\"og:type\" content=\"article\" \/>\n<meta property=\"og:title\" content=\"Pol\u00edtica de privacidad\" \/>\n<meta property=\"og:description\" content=\"Politicas de privacidad Propiedad Intelectual Gamers Online, el sitio web, www.Gamers Online.com.ar , sus logotipos y todo el material que aparece en dicho sitio tales como marcas, nombres de dominio, avisos comerciales y nombres comerciales son propiedad de sus respectivos titulares y est\u00e1n protegidos por los tratados internacionales y las leyes aplicables en materia de [&hellip;]\" \/>\n<meta property=\"og:url\" content=\"https:\/\/gamersonline.com.ar\/index.php\/politica-privacidad\/\" \/>\n<meta property=\"og:site_name\" content=\"Gamers Online\" \/>\n<meta property=\"article:modified_time\" content=\"2026-02-06T13:24:37+00:00\" \/>\n<meta name=\"twitter:card\" content=\"summary_large_image\" \/>\n<meta name=\"twitter:label1\" content=\"Tiempo de lectura\" \/>\n\t<meta name=\"twitter:data1\" content=\"3 minutos\" \/>\n<script type=\"application\/ld+json\" class=\"yoast-schema-graph\">{\"@context\":\"https:\/\/schema.org\",\"@graph\":[{\"@type\":\"WebPage\",\"@id\":\"https:\/\/gamersonline.com.ar\/index.php\/politica-privacidad\/\",\"url\":\"https:\/\/gamersonline.com.ar\/index.php\/politica-privacidad\/\",\"name\":\"Pol\u00edtica de privacidad - Gamers Online\",\"isPartOf\":{\"@id\":\"https:\/\/gamersonline.com.ar\/#website\"},\"datePublished\":\"2025-04-24T14:14:15+00:00\",\"dateModified\":\"2026-02-06T13:24:37+00:00\",\"breadcrumb\":{\"@id\":\"https:\/\/gamersonline.com.ar\/index.php\/politica-privacidad\/#breadcrumb\"},\"inLanguage\":\"es-AR\",\"potentialAction\":[{\"@type\":\"ReadAction\",\"target\":[\"https:\/\/gamersonline.com.ar\/index.php\/politica-privacidad\/\"]}]},{\"@type\":\"BreadcrumbList\",\"@id\":\"https:\/\/gamersonline.com.ar\/index.php\/politica-privacidad\/#breadcrumb\",\"itemListElement\":[{\"@type\":\"ListItem\",\"position\":1,\"name\":\"Inicio\",\"item\":\"https:\/\/gamersonline.com.ar\/\"},{\"@type\":\"ListItem\",\"position\":2,\"name\":\"Pol\u00edtica de privacidad\"}]},{\"@type\":\"WebSite\",\"@id\":\"https:\/\/gamersonline.com.ar\/#website\",\"url\":\"https:\/\/gamersonline.com.ar\/\",\"name\":\"Gamers Online\",\"description\":\"\",\"publisher\":{\"@id\":\"https:\/\/gamersonline.com.ar\/#\/schema\/person\/51088a24fa88866fccd0cb40272b0048\"},\"potentialAction\":[{\"@type\":\"SearchAction\",\"target\":{\"@type\":\"EntryPoint\",\"urlTemplate\":\"https:\/\/gamersonline.com.ar\/?s={search_term_string}\"},\"query-input\":{\"@type\":\"PropertyValueSpecification\",\"valueRequired\":true,\"valueName\":\"search_term_string\"}}],\"inLanguage\":\"es-AR\"},{\"@type\":[\"Person\",\"Organization\"],\"@id\":\"https:\/\/gamersonline.com.ar\/#\/schema\/person\/51088a24fa88866fccd0cb40272b0048\",\"name\":\"Leonardo\",\"image\":{\"@type\":\"ImageObject\",\"inLanguage\":\"es-AR\",\"@id\":\"https:\/\/gamersonline.com.ar\/#\/schema\/person\/image\/\",\"url\":\"https:\/\/gamersonline.com.ar\/wp-content\/uploads\/2026\/01\/Logo.png\",\"contentUrl\":\"https:\/\/gamersonline.com.ar\/wp-content\/uploads\/2026\/01\/Logo.png\",\"width\":1000,\"height\":500,\"caption\":\"Leonardo\"},\"logo\":{\"@id\":\"https:\/\/gamersonline.com.ar\/#\/schema\/person\/image\/\"},\"sameAs\":[\"https:\/\/gamersonline.com.ar\"]}]}<\/script>\n<!-- \/ Yoast SEO Premium plugin. -->","yoast_head_json":{"title":"Pol\u00edtica de privacidad - Gamers Online","robots":{"index":"index","follow":"follow","max-snippet":"max-snippet:-1","max-image-preview":"max-image-preview:large","max-video-preview":"max-video-preview:-1"},"canonical":"https:\/\/gamersonline.com.ar\/index.php\/politica-privacidad\/","og_locale":"es_ES","og_type":"article","og_title":"Pol\u00edtica de privacidad","og_description":"Politicas de privacidad Propiedad Intelectual Gamers Online, el sitio web, www.Gamers Online.com.ar , sus logotipos y todo el material que aparece en dicho sitio tales como marcas, nombres de dominio, avisos comerciales y nombres comerciales son propiedad de sus respectivos titulares y est\u00e1n protegidos por los tratados internacionales y las leyes aplicables en materia de [&hellip;]","og_url":"https:\/\/gamersonline.com.ar\/index.php\/politica-privacidad\/","og_site_name":"Gamers Online","article_modified_time":"2026-02-06T13:24:37+00:00","twitter_card":"summary_large_image","twitter_misc":{"Tiempo de lectura":"3 minutos"},"schema":{"@context":"https:\/\/schema.org","@graph":[{"@type":"WebPage","@id":"https:\/\/gamersonline.com.ar\/index.php\/politica-privacidad\/","url":"https:\/\/gamersonline.com.ar\/index.php\/politica-privacidad\/","name":"Pol\u00edtica de privacidad - Gamers Online","isPartOf":{"@id":"https:\/\/gamersonline.com.ar\/#website"},"datePublished":"2025-04-24T14:14:15+00:00","dateModified":"2026-02-06T13:24:37+00:00","breadcrumb":{"@id":"https:\/\/gamersonline.com.ar\/index.php\/politica-privacidad\/#breadcrumb"},"inLanguage":"es-AR","potentialAction":[{"@type":"ReadAction","target":["https:\/\/gamersonline.com.ar\/index.php\/politica-privacidad\/"]}]},{"@type":"BreadcrumbList","@id":"https:\/\/gamersonline.com.ar\/index.php\/politica-privacidad\/#breadcrumb","itemListElement":[{"@type":"ListItem","position":1,"name":"Inicio","item":"https:\/\/gamersonline.com.ar\/"},{"@type":"ListItem","position":2,"name":"Pol\u00edtica de privacidad"}]},{"@type":"WebSite","@id":"https:\/\/gamersonline.com.ar\/#website","url":"https:\/\/gamersonline.com.ar\/","name":"Gamers Online","description":"","publisher":{"@id":"https:\/\/gamersonline.com.ar\/#\/schema\/person\/51088a24fa88866fccd0cb40272b0048"},"potentialAction":[{"@type":"SearchAction","target":{"@type":"EntryPoint","urlTemplate":"https:\/\/gamersonline.com.ar\/?s={search_term_string}"},"query-input":{"@type":"PropertyValueSpecification","valueRequired":true,"valueName":"search_term_string"}}],"inLanguage":"es-AR"},{"@type":["Person","Organization"],"@id":"https:\/\/gamersonline.com.ar\/#\/schema\/person\/51088a24fa88866fccd0cb40272b0048","name":"Leonardo","image":{"@type":"ImageObject","inLanguage":"es-AR","@id":"https:\/\/gamersonline.com.ar\/#\/schema\/person\/image\/","url":"https:\/\/gamersonline.com.ar\/wp-content\/uploads\/2026\/01\/Logo.png","contentUrl":"https:\/\/gamersonline.com.ar\/wp-content\/uploads\/2026\/01\/Logo.png","width":1000,"height":500,"caption":"Leonardo"},"logo":{"@id":"https:\/\/gamersonline.com.ar\/#\/schema\/person\/image\/"},"sameAs":["https:\/\/gamersonline.com.ar"]}]}},"_links":{"self":[{"href":"https:\/\/gamersonline.com.ar\/index.php\/wp-json\/wp\/v2\/pages\/3","targetHints":{"allow":["GET"]}}],"collection":[{"href":"https:\/\/gamersonline.com.ar\/index.php\/wp-json\/wp\/v2\/pages"}],"about":[{"href":"https:\/\/gamersonline.com.ar\/index.php\/wp-json\/wp\/v2\/types\/page"}],"author":[{"embeddable":true,"href":"https:\/\/gamersonline.com.ar\/index.php\/wp-json\/wp\/v2\/users\/1"}],"replies":[{"embeddable":true,"href":"https:\/\/gamersonline.com.ar\/index.php\/wp-json\/wp\/v2\/comments?post=3"}],"version-history":[{"count":6,"href":"https:\/\/gamersonline.com.ar\/index.php\/wp-json\/wp\/v2\/pages\/3\/revisions"}],"predecessor-version":[{"id":33040,"href":"https:\/\/gamersonline.com.ar\/index.php\/wp-json\/wp\/v2\/pages\/3\/revisions\/33040"}],"wp:attachment":[{"href":"https:\/\/gamersonline.com.ar\/index.php\/wp-json\/wp\/v2\/media?parent=3"}],"curies":[{"name":"wp","href":"https:\/\/api.w.org\/{rel}","templated":true}]}}